{"id":356,"date":"2024-02-26T00:22:09","date_gmt":"2024-02-26T00:22:09","guid":{"rendered":"https:\/\/creole.com.mx\/?page_id=356"},"modified":"2025-03-14T14:42:45","modified_gmt":"2025-03-14T14:42:45","slug":"comidasycenas","status":"publish","type":"page","link":"https:\/\/creole.com.mx\/en\/comidasycenas\/","title":{"rendered":"comidasycenas"},"content":{"rendered":"<div class=\"wp-block-uagb-container uagb-block-9b258450 alignwide uagb-is-root-container\">\r\n<div class=\"wp-block-uagb-container uagb-block-698e16c6 alignfull uagb-is-root-container\">\r\n<div class=\"uagb-container-inner-blocks-wrap\">\r\n<h1 class=\"wp-block-heading has-text-align-center titulo has-ast-global-color-0-color has-text-color has-link-color has-x-large-font-size wp-elements-97b7f1a88ba0813f6a64f2d96ec772ba\" style=\"margin: 0px 0 0px 0;\"><strong><mark class=\"has-inline-color has-ast-global-color-0-color\" style=\"background-color: rgba(0, 0, 0, 0);\">LUNCH &amp; DINNER<\/mark><\/strong><\/h1>\r\n\r\n\r\n\r\n<h2 class=\"wp-block-heading\">\u00a0<\/h2>\r\n<h2 class=\"wp-block-heading\"><strong>STARTERS<\/strong><\/h2>\r\n\r\n\r\n\r\n\r\n\r\n<p class=\"has-medium-font-size\"><strong>30 DAYS HERBAL CARROT<\/strong><strong><br \/><\/strong>Zanahoria encurtida en maracuy\u00e1 y especias, envuelta en lechuga tierna y salsa macha dulce con miel.<\/p>\r\n\r\n\r\n\r\n<p class=\"has-medium-font-size\"><strong>Beetroot \" Au Four \"<\/strong><strong><br \/><\/strong>Vibrante ensalada de betabel horneada, con vinagreta de frutos rojos, queso de cabra y nuez.<\/p>\r\n\r\n\r\n\r\n<p class=\"has-medium-font-size\"><strong><strong>ACCRAS \u201cMARTINIQUE\u201d<\/strong><br \/><\/strong>Bu\u00f1uelos crujientes de bacalao o camar\u00f3n.<\/p>\r\n\r\n\r\n\r\n<p class=\"has-medium-font-size\"><strong>CRISPY OYSTERS<\/strong><br \/>Ostiones ahumados sobre wonton y nori, acompa\u00f1ados de una cremosa salsa de queso de cabra al vino blanco, gratinados con queso.<\/p>\r\n\r\n\r\n\r\n<p class=\"has-medium-font-size\"><strong>TRUFFED FRENCH FRIES<\/strong><br \/>Papas a la francesa, con un delicado mousse de parmesano y aceite de trufa negra.\u00a0\u00a0<\/p>\r\n<p class=\"has-medium-font-size\"><strong>COCO SOUP<\/strong><br \/>Mezcla ex\u00f3tica de sabores cremosos y refrescantes, base de coco infusionada con un toque de c\u00edtricos y especias.\u00a0\u00a0<\/p>\r\n\r\n\r\n\r\n<h2 class=\"wp-block-heading\"><strong>MAIN COURSES<\/strong><\/h2>\r\n\r\n\r\n\r\n<p class=\"has-medium-font-size\"><strong>SHRIMP AND POLENTA<\/strong>\u00a0<br \/>Espejo de polenta dorada con camar\u00f3nes en crema de coco, verdolagas y paprika.<\/p>\r\n\r\n\r\n\r\n<p class=\"has-text-align-left has-medium-font-size\"><strong>LEMON FISH<\/strong>\u00a0<br \/>Pesca del d\u00eda en salsa de lim\u00f3n y alcaparras con pur\u00e9 de berenjena rostizada, con guarnici\u00f3n a su elecci\u00f3n.<\/p>\r\n\r\n\r\n\r\n<p class=\"has-medium-font-size\"><strong><strong>ROASTED CAULIFLOWER and APPLE.........<\/strong><\/strong><br \/>Coliflor a las brasas, &#8220;aligot de coliflor y manzana&#8221;\u00a0 servido con un bosque floral.<\/p>\r\n\r\n\r\n\r\n\r\n\r\n<p class=\"has-medium-font-size\"><strong>SCALLOPS MACOUB\u00c1.......<\/strong><br \/>Saut\u00e9 scallops in its butter, Macoub\u00e1<em> sauce (avocado, coriander, habanero chile and a touch of mango),<\/em>, servido con arroz basmati.<\/p>\r\n\r\n\r\n\r\n<p class=\"has-medium-font-size\"><strong>COSTILLA CARGADA A COCCI\u00d3N LENTA<\/strong><br \/>Short Rib dehuesado guisado en cocci\u00f3n lenta de 11 horas, acompa\u00f1ado con salsa de vino tinto y jugo de carne, nopales curados y ch\u00edcharos frescos, con guarnici\u00f3n a su elecci\u00f3n.<span class=\"Apple-converted-space\">\u00a0 <\/span><span class=\"s2\"><span class=\"Apple-converted-space\">\u00a0<\/span><\/span><\/p>\r\n\r\n\r\n\r\n<p class=\"has-medium-font-size\"><strong>L\u00b4ENTRECOTE\u00a0<\/strong><strong><br \/><\/strong>Rib Eye en su versi\u00f3n original francesa servido con papas a la francesa de corte delgado, acompa\u00f1ado de una salsa tradicional a su elecci\u00f3n: 3 Pimientas\/Bearnesa\/Champi\u00f1\u00f3n,\u00a0 \u00f3 Estilo Cr\u00e9ole (picante).\u00a0<\/p>\r\n\r\n\r\n\r\n\r\n\r\n\r\n\r\n<p class=\"has-medium-font-size\"><strong>COCONUT CHICKEN<\/strong><br \/>Pierna y muslo cocinados lentamente en crema de coco con c\u00farcuma y especias, servido con arroz basmati.<\/p>\r\n\r\n\r\n\r\n<p class=\"has-medium-font-size\"><strong><strong>COLOMBO DE PANCETTA<\/strong><\/strong><br \/>Pancetta de cerdo guisada en salsa Colombo caribe\u00f1o de curry-habanero y zanahorias, servido con arroz basmati.<\/p>\r\n\r\n\r\n\r\n<h2 class=\"wp-block-heading\"><strong>ENSALADAS<\/strong><\/h2>\r\n\r\n\r\n\r\n<p class=\"has-medium-font-size\"><strong><strong>ENSALADA SILVESTRE<\/strong><\/strong><br \/>Lechuga hidrop\u00f3nica r\u00fastica, ar\u00fagula, moras frescas, peras en alm\u00edbar y almendras tostadas, servida con vinagreta de la casa.<\/p>\r\n\r\n\r\n\r\n<p class=\"has-medium-font-size\"><strong><strong> ENSALADA MEDITERR\u00c1NEA<\/strong><\/strong><br \/>Lechuga hidrop\u00f3nica r\u00fastica, pepino, aceitunas negras, queso feta, perejil, albahaca, cebolla morada y tomates cherry, servida con vinagreta de la casa.<\/p>\r\n\r\n\r\n\r\n<h2 class=\"wp-block-heading\"><strong>SIDES<\/strong><\/h2>\r\n\r\n\r\n\r\n<p class=\"has-medium-font-size\"><strong>CARIBBEAN YUCA<\/strong><br \/>Tradicional yuca elaborada con sal de mar y especias.\u00a0\u00a0\u00a0\u00a0\u00a0\u00a0<\/p>\r\n\r\n\r\n\r\n<p class=\"has-medium-font-size\"><strong>GRATIN CR\u00c9OLE<\/strong><br \/>Machacado de camote, pl\u00e1tano macho, mantequilla y gratinado con queso.\u00a0 \u00a0 \u00a0 \u00a0\u00a0<\/p>\r\n\r\n\r\n\r\n<p class=\"has-medium-font-size\"><strong>FRENCH FRIES<\/strong><br \/>Corte delgado.<\/p>\r\n\r\n\r\n\r\n<p class=\"has-medium-font-size\"><strong>BASMATI RICE<\/strong><br \/>Estilo morisqueta.\u00a0<\/p>\r\n\r\n<p class=\"has-medium-font-size\"><strong>VEGETALES HORNEADOS<\/strong><br \/>Verduras de temporada horneadas lentamente con una mezcla de finas hierbas.<\/p>\r\n\r\n\r\n\r\n<h2 class=\"wp-block-heading\"><strong>DESSERTS<\/strong><\/h2>\r\n\r\n\r\n\r\n<p class=\"has-medium-font-size\"><strong>BANANE FLAMB\u00c9E<\/strong><br \/>Pl\u00e1tanos dominicos flameados con ron, servidos con crema de vainilla y frutos rojos frescos.<\/p>\r\n\r\n\r\n\r\n<p class=\"has-medium-font-size\"><strong>CAKE A L\u2019ANANAS<\/strong><br \/>Delicioso cake de pi\u00f1a fresca rostizada, caramelo y un toque de ron que evoca los sabores paradisiacos del caribe.<\/p>\r\n\r\n\r\n\r\n<p class=\"has-medium-font-size\"><strong>FLAN COCO<\/strong><br \/>Flan tradicional de Martinica, con la suavidad perfecta y un toque tr\u00f3pical de coco tostado.<\/p>\r\n\r\n<p class=\"has-medium-font-size\"><strong>CR\u00c8ME BR\u00dbL\u00c9E MARACUYA<\/strong><br \/>Delicada crema con notas de vainilla y maracuy\u00e1, coronada con un fina capa de caramelo que se dora al instante.<\/p>\r\n<p class=\"has-medium-font-size\"><strong>FONDANT ST PIERRE<\/strong><br \/>Exquisito fondant de chocolate sobre un crumble de nuez, coulis de frutos rojos con rumchata, acompa\u00f1ado de la frescura vibrante de la mora fresca galleta y almendras.<\/p>\r\n<\/div>\r\n<\/div>\r\n\r\n\r\n\r\n<div class=\"wp-block-uagb-container uagb-block-dcbf526f\">\u00a0<\/div>\r\n<\/div>\r\n\r\n\r\n\r\n<div class=\"wp-block-uagb-container uagb-block-b875549f alignfull uagb-is-root-container\">\r\n<div class=\"uagb-container-inner-blocks-wrap\">\u00a0<\/div>\r\n<\/div>\r\n\r\n\r\n\r\n<div class=\"wp-block-uagb-container uagb-block-d5a088aa alignfull uagb-is-root-container\">\r\n<div class=\"uagb-container-inner-blocks-wrap\">\u00a0<\/div>\r\n<\/div>\r\n<!-- \/wp:uagb\/container --><!-- wp:post-content --><!-- wp:uagb\/container {\"block_id\":\"76b05626\",\"minHeightDesktop\":360,\"minHeightMobile\":168,\"backgroundType\":\"image\",\"backgroundImageDesktop\":{\"id\":586,\"title\":\"COSTILLA-DE-RES-CARGADA\",\"filename\":\"COSTILLA-DE-RES-CARGADA.jpg\",\"url\":\"https:\/\/creole.com.mx\/wp-content\/uploads\/2024\/04\/COSTILLA-DE-RES-CARGADA.jpg\",\"link\":\"https:\/\/creole.com.mx\/inicio-2\/costilla-de-res-cargada\/\",\"alt\":\"\",\"author\":\"1\",\"description\":\"\",\"caption\":\"\",\"name\":\"costilla-de-res-cargada\",\"status\":\"inherit\",\"uploadedTo\":237,\"date\":\"2024-04-06T23:09:53.000Z\",\"modified\":\"2024-04-06T23:09:53.000Z\",\"menuOrder\":0,\"mime\":\"image\/jpeg\",\"type\":\"image\",\"subtype\":\"jpeg\",\"icon\":\"https:\/\/creole.com.mx\/wp-includes\/images\/media\/default.svg\",\"dateFormatted\":\"6 de abril de 2024\",\"nonces\":{\"update\":\"798e10241a\",\"delete\":\"73aa05833c\",\"edit\":\"977a5131eb\"},\"editLink\":\"https:\/\/creole.com.mx\/wp-admin\/post.php?post=586\\u0026action=edit\",\"meta\":false,\"authorName\":\"admin\",\"authorLink\":\"https:\/\/creole.com.mx\/wp-admin\/profile.php\",\"uploadedToTitle\":\"Inicio\",\"uploadedToLink\":\"https:\/\/creole.com.mx\/wp-admin\/post.php?post=237\\u0026action=edit\",\"filesizeInBytes\":193424,\"filesizeHumanReadable\":\"189 KB\",\"context\":\"\",\"height\":771,\"width\":1080,\"orientation\":\"landscape\",\"sizes\":{\"thumbnail\":{\"height\":150,\"width\":150,\"url\":\"https:\/\/creole.com.mx\/wp-content\/uploads\/2024\/04\/COSTILLA-DE-RES-CARGADA-150x150.jpg\",\"orientation\":\"landscape\"},\"medium\":{\"height\":214,\"width\":300,\"url\":\"https:\/\/creole.com.mx\/wp-content\/uploads\/2024\/04\/COSTILLA-DE-RES-CARGADA-300x214.jpg\",\"orientation\":\"landscape\"},\"large\":{\"height\":731,\"width\":1024,\"url\":\"https:\/\/creole.com.mx\/wp-content\/uploads\/2024\/04\/COSTILLA-DE-RES-CARGADA-1024x731.jpg\",\"orientation\":\"landscape\"},\"trp-custom-language-flag\":{\"height\":12,\"width\":18,\"url\":\"https:\/\/creole.com.mx\/wp-content\/uploads\/2024\/04\/COSTILLA-DE-RES-CARGADA-18x12.jpg\",\"orientation\":\"landscape\"},\"full\":{\"url\":\"https:\/\/creole.com.mx\/wp-content\/uploads\/2024\/04\/COSTILLA-DE-RES-CARGADA.jpg\",\"height\":771,\"width\":1080,\"orientation\":\"landscape\"}},\"compat\":{\"item\":\"\",\"meta\":\"\"}},\"topMarginDesktop\":0,\"bottomMarginDesktop\":0,\"leftMarginDesktop\":0,\"rightMarginDesktop\":0,\"variationSelected\":true,\"isBlockRootParent\":true,\"widthSetByUser\":true} -->\r\n<div class=\"wp-block-uagb-container uagb-block-76b05626 alignfull uagb-is-root-container\">\r\n<div class=\"uagb-container-inner-blocks-wrap\">\u00a0<\/div>\r\n<\/div>\r\n<!-- \/wp:uagb\/container -->\r\n\r\n<!-- wp:uagb\/container {\"block_id\":\"a45cb206\",\"backgroundType\":\"color\",\"backgroundColor\":\"#f7fff4\",\"variationSelected\":true,\"isBlockRootParent\":true} -->\r\n<div class=\"wp-block-uagb-container uagb-block-a45cb206 alignfull uagb-is-root-container\">\r\n<div class=\"uagb-container-inner-blocks-wrap\">\u00a0<\/div>\r\n<\/div>\r\n<!-- \/wp:uagb\/container -->\r\n\r\n<!-- wp:uagb\/container {\"block_id\":\"9b258450\",\"contentWidth\":\"alignwide\",\"justifyContentDesktop\":\"space-between\",\"variationSelected\":true,\"isBlockRootParent\":true} -->\r\n<div class=\"wp-block-uagb-container uagb-block-9b258450 alignwide uagb-is-root-container\"><!-- wp:uagb\/container {\"block_id\":\"698e16c6\",\"alignItemsDesktop\":\"stretch\",\"alignItemsTablet\":\"stretch\",\"alignItemsMobile\":\"stretch\",\"wrapDesktop\":\"wrap\",\"backgroundType\":\"color\",\"backgroundColor\":\"#f7fff4\",\"topPaddingDesktop\":20,\"bottomPaddingDesktop\":100,\"leftPaddingDesktop\":40,\"rightPaddingDesktop\":40,\"topPaddingTablet\":80,\"bottomPaddingTablet\":80,\"leftPaddingTablet\":32,\"rightPaddingTablet\":32,\"topPaddingMobile\":20,\"bottomPaddingMobile\":64,\"leftPaddingMobile\":24,\"rightPaddingMobile\":24,\"paddingLink\":false,\"variationSelected\":true,\"columnGapDesktop\":0,\"isBlockRootParent\":true,\"equalHeight\":true,\"childrenWidthDesktop\":\"equal\"} -->\r\n<div class=\"wp-block-uagb-container uagb-block-698e16c6 alignfull uagb-is-root-container\">\r\n<div class=\"uagb-container-inner-blocks-wrap\"><!-- wp:heading {\"textAlign\":\"center\",\"level\":1,\"style\":{\"elements\":{\"link\":{\"color\":{\"text\":\"var:preset|color|ast-global-color-5\"}}},\"spacing\":{\"margin\":{\"left\":\"0\",\"right\":\"0\",\"top\":\"0px\",\"bottom\":\"0px\"}}},\"textColor\":\"ast-global-color-0\",\"className\":\"titulo\",\"fontSize\":\"x-large\"} -->\r\n<h1 class=\"wp-block-heading has-text-align-center titulo has-ast-global-color-0-color has-text-color has-link-color has-x-large-font-size\" style=\"margin: 0px 0 0px 0;\"><strong><mark class=\"has-inline-color has-ast-global-color-0-color\" style=\"background-color: rgba(0, 0, 0, 0);\">LUNCH &amp; DINNER<\/mark><\/strong><\/h1>\r\n<!-- \/wp:heading -->\r\n\r\n<!-- wp:heading -->\r\n<h2>\u00a0<\/h2>\r\n<h2 class=\"wp-block-heading\"><strong>STARTERS<\/strong><\/h2>\r\n<!-- \/wp:heading -->\r\n\r\n<!-- wp:paragraph {\"fontSize\":\"medium\"} --><!-- \/wp:paragraph -->\r\n\r\n<!-- wp:paragraph {\"fontSize\":\"medium\"} -->\r\n<p class=\"has-medium-font-size\"><strong>30 DAYS HERBAL CARROT<\/strong><strong><br \/><\/strong>Zanahoria encurtida en maracuy\u00e1 y especias, envuelta en lechuga tierna y salsa macha dulce con miel.<\/p>\r\n<!-- \/wp:paragraph -->\r\n\r\n<!-- wp:paragraph {\"fontSize\":\"medium\"} -->\r\n<p class=\"has-medium-font-size\"><strong>Beetroot \" Au Four \"<\/strong><strong><br \/><\/strong>Vibrante ensalada de betabel horneada, con vinagreta de frutos rojos, queso de cabra y nuez.<\/p>\r\n<!-- \/wp:paragraph -->\r\n\r\n<!-- wp:paragraph {\"fontSize\":\"medium\"} -->\r\n<p class=\"has-medium-font-size\"><strong><strong>ACCRAS \u201cMARTINIQUE\u201d<\/strong><br \/><\/strong>Bu\u00f1uelos crujientes de bacalao o camar\u00f3n.<\/p>\r\n<!-- \/wp:paragraph -->\r\n\r\n<!-- wp:paragraph {\"fontSize\":\"medium\"} -->\r\n<p class=\"has-medium-font-size\"><strong>CRISPY OYSTERS<\/strong><br \/>Ostiones ahumados sobre wonton y nori, acompa\u00f1ados de una cremosa salsa de queso de cabra al vino blanco, gratinados con queso.<\/p>\r\n<!-- \/wp:paragraph -->\r\n\r\n<!-- wp:paragraph {\"fontSize\":\"medium\"} -->\r\n<p class=\"has-medium-font-size\"><strong>TRUFFED FRENCH FRIES<\/strong><br \/>Papas a la francesa, con un delicado mousse de parmesano y aceite de trufa negra.\u00a0\u00a0<\/p>\r\n<p class=\"has-medium-font-size\"><strong>COCO SOUP<\/strong><br \/>Mezcla ex\u00f3tica de sabores cremosos y refrescantes, base de coco infusionada con un toque de c\u00edtricos y especias.\u00a0\u00a0<\/p>\r\n<!-- \/wp:paragraph -->\r\n\r\n<!-- wp:heading -->\r\n<h2 class=\"wp-block-heading\"><strong>MAIN COURSES<\/strong><\/h2>\r\n<!-- \/wp:heading -->\r\n\r\n<!-- wp:paragraph {\"fontSize\":\"medium\"} -->\r\n<p class=\"has-medium-font-size\"><strong>SHRIMP AND POLENTA<\/strong>\u00a0<br \/>Espejo de polenta dorada con camar\u00f3nes en crema de coco, verdolagas y paprika.<\/p>\r\n<!-- \/wp:paragraph -->\r\n\r\n<!-- wp:paragraph {\"align\":\"left\",\"fontSize\":\"medium\"} -->\r\n<p class=\"has-text-align-left has-medium-font-size\"><strong>LEMON FISH<\/strong>\u00a0<br \/>Pesca del d\u00eda en salsa de lim\u00f3n y alcaparras con pur\u00e9 de berenjena rostizada, con guarnici\u00f3n a su elecci\u00f3n.<\/p>\r\n<!-- \/wp:paragraph -->\r\n\r\n<!-- wp:paragraph {\"fontSize\":\"medium\"} -->\r\n<p class=\"has-medium-font-size\"><strong><strong>ROASTED CAULIFLOWER and APPLE.........<\/strong><\/strong><br \/>Coliflor a las brasas, &#8220;aligot de coliflor y manzana&#8221;\u00a0 servido con un bosque floral.<\/p>\r\n<!-- \/wp:paragraph -->\r\n\r\n<!-- wp:paragraph {\"fontSize\":\"medium\"} --><!-- \/wp:paragraph -->\r\n\r\n<!-- wp:paragraph {\"fontSize\":\"medium\"} -->\r\n<p class=\"has-medium-font-size\"><strong>SCALLOPS MACOUB\u00c1.......<\/strong><br \/>Saut\u00e9 scallops in its butter, Macoub\u00e1<em> sauce (avocado, coriander, habanero chile and a touch of mango),<\/em>, servido con arroz basmati.<\/p>\r\n<!-- \/wp:paragraph -->\r\n\r\n<!-- wp:paragraph {\"fontSize\":\"medium\"} -->\r\n<p class=\"has-medium-font-size\"><strong>COSTILLA CARGADA A COCCI\u00d3N LENTA<\/strong><br \/>Short Rib dehuesado guisado en cocci\u00f3n lenta de 11 horas, acompa\u00f1ado con salsa de vino tinto y jugo de carne, nopales curados y ch\u00edcharos frescos, con guarnici\u00f3n a su elecci\u00f3n.<span class=\"Apple-converted-space\">\u00a0 <\/span><span class=\"s2\"><span class=\"Apple-converted-space\">\u00a0<\/span><\/span><\/p>\r\n<!-- \/wp:paragraph -->\r\n\r\n<!-- wp:paragraph {\"fontSize\":\"medium\"} -->\r\n<p class=\"has-medium-font-size\"><strong>L\u00b4ENTRECOTE\u00a0<\/strong><strong><br \/><\/strong>Rib Eye en su versi\u00f3n original francesa servido con papas a la francesa de corte delgado, acompa\u00f1ado de una salsa tradicional a su elecci\u00f3n: 3 Pimientas\/Bearnesa\/Champi\u00f1\u00f3n,\u00a0 \u00f3 Estilo Cr\u00e9ole (picante).\u00a0<\/p>\r\n<!-- \/wp:paragraph -->\r\n\r\n<!-- wp:paragraph {\"fontSize\":\"medium\"} --><!-- \/wp:paragraph -->\r\n\r\n<!-- wp:paragraph {\"fontSize\":\"medium\"} --><!-- \/wp:paragraph -->\r\n\r\n<!-- wp:paragraph {\"fontSize\":\"medium\"} -->\r\n<p class=\"has-medium-font-size\"><strong>COCONUT CHICKEN<\/strong><br \/>Pierna y muslo cocinados lentamente en crema de coco con c\u00farcuma y especias, servido con arroz basmati.<\/p>\r\n<!-- \/wp:paragraph -->\r\n\r\n<!-- wp:paragraph {\"fontSize\":\"medium\"} -->\r\n<p class=\"has-medium-font-size\"><strong><strong>COLOMBO DE PANCETTA<\/strong><\/strong><br \/>Pancetta de cerdo guisada en salsa Colombo caribe\u00f1o de curry-habanero y zanahorias, servido con arroz basmati.<\/p>\r\n<!-- \/wp:paragraph -->\r\n\r\n<!-- wp:heading -->\r\n<h2 class=\"wp-block-heading\"><strong>ENSALADAS<\/strong><\/h2>\r\n<!-- \/wp:heading -->\r\n\r\n<!-- wp:paragraph {\"fontSize\":\"medium\"} -->\r\n<p class=\"has-medium-font-size\"><strong><strong>ENSALADA SILVESTRE<\/strong><\/strong><br \/>Lechuga hidrop\u00f3nica r\u00fastica, ar\u00fagula, moras frescas, peras en alm\u00edbar y almendras tostadas, servida con vinagreta de la casa.<\/p>\r\n<!-- \/wp:paragraph -->\r\n\r\n<!-- wp:paragraph {\"fontSize\":\"medium\"} -->\r\n<p class=\"has-medium-font-size\"><strong><strong> ENSALADA MEDITERR\u00c1NEA<\/strong><\/strong><br \/>Lechuga hidrop\u00f3nica r\u00fastica, pepino, aceitunas negras, queso feta, perejil, albahaca, cebolla morada y tomates cherry, servida con vinagreta de la casa.<\/p>\r\n<!-- \/wp:paragraph -->\r\n\r\n<!-- wp:heading -->\r\n<h2 class=\"wp-block-heading\"><strong>SIDES<\/strong><\/h2>\r\n<!-- \/wp:heading -->\r\n\r\n<!-- wp:paragraph {\"fontSize\":\"medium\"} -->\r\n<p class=\"has-medium-font-size\"><strong>CARIBBEAN YUCA<\/strong><br \/>Tradicional yuca elaborada con sal de mar y especias.\u00a0\u00a0\u00a0\u00a0\u00a0\u00a0<\/p>\r\n<!-- \/wp:paragraph -->\r\n\r\n<!-- wp:paragraph {\"fontSize\":\"medium\"} -->\r\n<p class=\"has-medium-font-size\"><strong>GRATIN CR\u00c9OLE<\/strong><br \/>Machacado de camote, pl\u00e1tano macho, mantequilla y gratinado con queso.\u00a0 \u00a0 \u00a0 \u00a0\u00a0<\/p>\r\n<!-- \/wp:paragraph -->\r\n\r\n<!-- wp:paragraph {\"fontSize\":\"medium\"} -->\r\n<p class=\"has-medium-font-size\"><strong>FRENCH FRIES<\/strong><br \/>Corte delgado.<\/p>\r\n<!-- \/wp:paragraph -->\r\n\r\n<!-- wp:paragraph {\"fontSize\":\"medium\"} -->\r\n<p class=\"has-medium-font-size\"><strong>BASMATI RICE<\/strong><br \/>Estilo morisqueta.\u00a0<\/p>\r\n<!-- wp:paragraph {\"fontSize\":\"medium\"} -->\r\n<p class=\"has-medium-font-size\"><strong>VEGETALES HORNEADOS<\/strong><br \/>Verduras de temporada horneadas lentamente con una mezcla de finas hierbas.<\/p>\r\n<!-- \/wp:paragraph -->\r\n\r\n<!-- wp:heading -->\r\n<h2 class=\"wp-block-heading\"><strong>DESSERTS<\/strong><\/h2>\r\n<!-- \/wp:heading -->\r\n\r\n<!-- wp:paragraph {\"fontSize\":\"medium\"} -->\r\n<p class=\"has-medium-font-size\"><strong>BANANE FLAMB\u00c9E<\/strong><br \/>Pl\u00e1tanos dominicos flameados con ron, servidos con crema de vainilla y frutos rojos frescos.<\/p>\r\n<!-- \/wp:paragraph -->\r\n\r\n<!-- wp:paragraph {\"fontSize\":\"medium\"} -->\r\n<p class=\"has-medium-font-size\"><strong>CAKE A L\u2019ANANAS<\/strong><br \/>Delicioso cake de pi\u00f1a fresca rostizada, caramelo y un toque de ron que evoca los sabores paradisiacos del caribe.<\/p>\r\n<!-- \/wp:paragraph -->\r\n\r\n<!-- wp:paragraph {\"fontSize\":\"medium\"} -->\r\n<p class=\"has-medium-font-size\"><strong>FLAN COCO<\/strong><br \/>Flan tradicional de Martinica, con la suavidad perfecta y un toque tr\u00f3pical de coco tostado.<\/p>\r\n<!-- wp:paragraph {\"fontSize\":\"medium\"} -->\r\n<p class=\"has-medium-font-size\"><strong>CR\u00c8ME BR\u00dbL\u00c9E MARACUYA<\/strong><br \/>Delicada crema con notas de vainilla y maracuy\u00e1, coronada con un fina capa de caramelo que se dora al instante.<\/p>\r\n<p class=\"has-medium-font-size\"><strong>FONDANT ST PIERRE<\/strong><br \/>Exquisito fondant de chocolate sobre un crumble de nuez, coulis de frutos rojos con rumchata, acompa\u00f1ado de la frescura vibrante de la mora fresca galleta y almendras.<\/p>\r\n<!-- \/wp:paragraph --><\/div>\r\n<\/div>\r\n<!-- \/wp:uagb\/container -->\r\n\r\n<!-- wp:uagb\/container {\"block_id\":\"dcbf526f\"} -->\r\n<div class=\"wp-block-uagb-container uagb-block-dcbf526f\">\u00a0<\/div>\r\n<!-- \/wp:uagb\/container --><\/div>\r\n<!-- \/wp:uagb\/container -->\r\n\r\n<!-- wp:uagb\/container {\"block_id\":\"b875549f\",\"isBlockRootParent\":true} -->\r\n<div class=\"wp-block-uagb-container uagb-block-b875549f alignfull uagb-is-root-container\">\r\n<div class=\"uagb-container-inner-blocks-wrap\">\u00a0<\/div>\r\n<\/div>\r\n<!-- \/wp:uagb\/container -->\r\n\r\n<!-- wp:uagb\/container {\"block_id\":\"d5a088aa\",\"isBlockRootParent\":true} -->\r\n<div class=\"wp-block-uagb-container uagb-block-d5a088aa alignfull uagb-is-root-container\">\r\n<div class=\"uagb-container-inner-blocks-wrap\">\u00a0<\/div>\r\n<\/div>\r\n<!-- \/wp:uagb\/container --><!-- \/wp:post-content -->","protected":false},"excerpt":{"rendered":"<p>\u00a0 \u00a0 COMIDAS Y CENAS \u00a0 ENTRADAS ZANAHORIA HERBALZanahoria encurtida en maracuy\u00e1 y especias, envuelta en lechuga tierna y salsa macha dulce con miel. BETABEL \u201cAU FOUR\u201dVibrante ensalada de betabel horneada, con vinagreta de frutos rojos, queso de cabra y nuez. ACCRAS \u201cMARTINIQUE\u201dBu\u00f1uelos crujientes de bacalao o camar\u00f3n. OSTIONES CRISPYOstiones ahumados sobre wonton y nori, [&hellip;]<\/p>\n","protected":false},"author":1,"featured_media":0,"parent":0,"menu_order":0,"comment_status":"closed","ping_status":"closed","template":"","meta":{"_uag_custom_page_level_css":"","site-sidebar-layout":"default","site-content-layout":"","ast-site-content-layout":"default","site-content-style":"default","site-sidebar-style":"default","ast-global-header-display":"","ast-banner-title-visibility":"","ast-main-header-display":"","ast-hfb-above-header-display":"","ast-hfb-below-header-display":"","ast-hfb-mobile-header-display":"","site-post-title":"disabled","ast-breadcrumbs-content":"","ast-featured-img":"","footer-sml-layout":"","ast-disable-related-posts":"","theme-transparent-header-meta":"default","adv-header-id-meta":"","stick-header-meta":"","header-above-stick-meta":"","header-main-stick-meta":"","header-below-stick-meta":"","astra-migrate-meta-layouts":"set","ast-page-background-enabled":"default","ast-page-background-meta":{"desktop":{"background-color":"var(--ast-global-color-4)","background-image":"","background-repeat":"repeat","background-position":"center center","background-size":"auto","background-attachment":"scroll","background-type":"","background-media":"","overlay-type":"","overlay-color":"","overlay-opacity":"","overlay-gradient":""},"tablet":{"background-color":"","background-image":"","background-repeat":"repeat","background-position":"center center","background-size":"auto","background-attachment":"scroll","background-type":"","background-media":"","overlay-type":"","overlay-color":"","overlay-opacity":"","overlay-gradient":""},"mobile":{"background-color":"","background-image":"","background-repeat":"repeat","background-position":"center center","background-size":"auto","background-attachment":"scroll","background-type":"","background-media":"","overlay-type":"","overlay-color":"","overlay-opacity":"","overlay-gradient":""}},"ast-content-background-meta":{"desktop":{"background-color":"var(--ast-global-color-5)","background-image":"","background-repeat":"repeat","background-position":"center center","background-size":"auto","background-attachment":"scroll","background-type":"","background-media":"","overlay-type":"","overlay-color":"","overlay-opacity":"","overlay-gradient":""},"tablet":{"background-color":"var(--ast-global-color-5)","background-image":"","background-repeat":"repeat","background-position":"center center","background-size":"auto","background-attachment":"scroll","background-type":"","background-media":"","overlay-type":"","overlay-color":"","overlay-opacity":"","overlay-gradient":""},"mobile":{"background-color":"var(--ast-global-color-5)","background-image":"","background-repeat":"repeat","background-position":"center center","background-size":"auto","background-attachment":"scroll","background-type":"","background-media":"","overlay-type":"","overlay-color":"","overlay-opacity":"","overlay-gradient":""}},"footnotes":""},"class_list":["post-356","page","type-page","status-publish","hentry"],"uagb_featured_image_src":{"full":false,"thumbnail":false,"medium":false,"medium_large":false,"large":false,"1536x1536":false,"2048x2048":false,"trp-custom-language-flag":false},"uagb_author_info":{"display_name":"admin","author_link":"https:\/\/creole.com.mx\/en\/author\/admin\/"},"uagb_comment_info":0,"uagb_excerpt":"\u00a0 \u00a0 COMIDAS Y CENAS \u00a0 ENTRADAS ZANAHORIA HERBALZanahoria encurtida en maracuy\u00e1 y especias, envuelta en lechuga tierna y salsa macha dulce con miel. BETABEL \u201cAU FOUR\u201dVibrante ensalada de betabel horneada, con vinagreta de frutos rojos, queso de cabra y nuez. ACCRAS \u201cMARTINIQUE\u201dBu\u00f1uelos crujientes de bacalao o camar\u00f3n. OSTIONES CRISPYOstiones ahumados sobre wonton y nori,&hellip;","_links":{"self":[{"href":"https:\/\/creole.com.mx\/en\/wp-json\/wp\/v2\/pages\/356","targetHints":{"allow":["GET"]}}],"collection":[{"href":"https:\/\/creole.com.mx\/en\/wp-json\/wp\/v2\/pages"}],"about":[{"href":"https:\/\/creole.com.mx\/en\/wp-json\/wp\/v2\/types\/page"}],"author":[{"embeddable":true,"href":"https:\/\/creole.com.mx\/en\/wp-json\/wp\/v2\/users\/1"}],"replies":[{"embeddable":true,"href":"https:\/\/creole.com.mx\/en\/wp-json\/wp\/v2\/comments?post=356"}],"version-history":[{"count":143,"href":"https:\/\/creole.com.mx\/en\/wp-json\/wp\/v2\/pages\/356\/revisions"}],"predecessor-version":[{"id":1126,"href":"https:\/\/creole.com.mx\/en\/wp-json\/wp\/v2\/pages\/356\/revisions\/1126"}],"wp:attachment":[{"href":"https:\/\/creole.com.mx\/en\/wp-json\/wp\/v2\/media?parent=356"}],"curies":[{"name":"wp","href":"https:\/\/api.w.org\/{rel}","templated":true}]}}