{"id":406,"date":"2024-03-08T17:22:04","date_gmt":"2024-03-08T17:22:04","guid":{"rendered":"https:\/\/creole.com.mx\/?page_id=406"},"modified":"2025-09-19T18:05:00","modified_gmt":"2025-09-19T18:05:00","slug":"desayunos","status":"publish","type":"page","link":"https:\/\/creole.com.mx\/en\/desayunos\/","title":{"rendered":"BREAKFAST"},"content":{"rendered":"<div class=\"wp-block-uagb-container uagb-block-0d5c5369 alignfull uagb-is-root-container\">\r\n<h2 class=\"uagb-container-inner-blocks-wrap\"><strong>S\u00e1bados y Domingos de 9H00 a 13:30\u00a0<\/strong><\/h2>\r\n<p>&nbsp;<\/p>\r\n<\/div>\r\n\r\n\r\n\r\n<div class=\"wp-block-group has-medium-font-size is-layout-constrained wp-block-group-is-layout-constrained\">\r\n<div class=\"wp-block-uagb-container uagb-block-19e6357b alignfull uagb-is-root-container\">\r\n<div class=\"uagb-container-inner-blocks-wrap\">\r\n<p><strong>Croissant with Chilaquiles...<\/strong><\/p>\r\n<p>Croissant filled with green or red chilaquiles, with cream, grated cotija cheese and wild greens, accompanied by a side of house salad. Add 1 fried egg for $20; shredded chicken (60g) or Short Rib (60g) for $45 \u2013 <em>- House favorite<\/em><\/p>\r\n\r\n\r\n\r\n<h3 class=\"wp-block-heading\"><strong>\u00a1\u00a1 Make your toast !!<\/strong><\/h3>\r\n\r\n\r\n\r\n<p>Toasted sourdough bread, 2 poached eggs, black sesame and our house salad<\/p>\r\n\r\n\r\n\r\n<p><strong>Con base de guacamole\u00a0<\/strong><\/p>\r\n\r\n\r\n\r\n<p><strong>Con base de Ricotta, Higo y Miel\u00a0<\/strong><\/p>\r\n\r\n\r\n\r\n<p><strong>Con base de Ricotta, Tomate Heirloom y Balsamico\u00a0<\/strong><br \/>Agregue Salmon Ahumado (60g) por $ o tocino (40g) por\u00a0<\/p>\r\n\r\n\r\n\r\n<h3 class=\"wp-block-heading has-large-font-size\"><strong>FORMULE CR\u00c9OLE<\/strong><\/h3>\r\n\r\n\r\n\r\n<h6 class=\"wp-block-heading has-medium-font-size\">(S\u00e1bados y Domingos de 9h00 a 13h30)\u00a0<br \/>Croissant or Chocolatine + American Caf\u00e9 + Natural orange juice<\/h6>\r\n\r\n\r\n\r\n<h3 class=\"wp-block-heading\">HUEVOS\u00a0<\/h3>\r\n\r\n\r\n\r\n\r\n\r\n<p><strong>Estrellados con Short Rib y Papas Cambray a la Sal\u00a0<\/strong><\/p>\r\n<p>2 fried eggs served with short rib (120 g) cooked slowly for 11 hours, with a side of cambray potatoes with salt and two green and red enchiladas with cream, cilantro, grated cotija cheese and onion. <em>- House favorite<\/em><\/p>\r\n\r\n\r\n\r\n<p><strong>Huevos Rancheros \u00f3 Divorciados\u00a0<br \/><\/strong>2 fried eggs on 2 fried tortillas and covered in red or green sauce (rancheros) or red and green (divorciados). With a side of refried black beans and house salad.<\/p>\r\n<h3 class=\"wp-block-heading\">EGGS TO YOUR TASTE<\/h3>\r\n<p><em>Two eggs accompanied with a side of refried black beans, house salad and 2 green and red enchiladas, with cream, grated cotija cheese and onion.<br \/><\/em><strong>Estrellados o Revueltos\u00a0<\/strong><\/p>\r\n<p>\r\n\r\n<\/p>\r\n\r\n\r\n\r\n\r\n\r\n<p><strong>A la Mexicana\u00a0<br \/><\/strong>With chopped tomato, onion and serrano chili.<\/p>\r\n\r\n\r\n\r\n\r\n\r\n<p><strong>Copa de Frutas Rojos\u00a0<\/strong><br \/>Natural greek yogurt, mix of red fruits, honey and cinnamon.<\/p>\r\n\r\n\r\n\r\n<p><strong>Viennoiserie<\/strong><br \/>Croissant $52; Chocolatine $62; Fruit delight $65<\/p>\r\n\r\n\r\n\r\n<h3 class=\"wp-block-heading\">CHILAQUILES<\/h3>\r\n\r\n\r\n\r\n<p><strong>Chilaquiles Amarillos Cr\u00e9ole<br \/><\/strong>Accompanied by short Rib (120g), slow cooked for 11 hours and bathed in creamy habanero chili sauce and spices, served with grated cotija cheese, cream, cilantro and onion <em>&#8211; Especialidad de la Casa<\/em><\/p>\r\n\r\n\r\n\r\n<p><strong>Chilaquiles Red or Green<\/strong><\/p>\r\n\r\n\r\n\r\n<p>Served with shredded cotija cheese, sour cream, cilantro and onion. With a side of house salad and refried black beans and topped with:<\/p>\r\n\r\n\r\n\r\n<p><strong>Con Short Rib (120g)\u00a0<br \/><\/strong><strong>Con Pollo (120g)\u00a0<br \/><\/strong><strong>2 huevos\u00a0<\/strong><\/p>\r\n\r\n\r\n\r\n\r\n\r\n<h3 class=\"wp-block-heading\">ENCHILADAS<\/h3>\r\n<p><strong>Enchiladas Rojas or Verdes<\/strong><br \/>4 enchiladas smothered in the sauce of your choice, served with lettuce, shredded cotija cheese, sour cream, cilantro,<br \/>onion. Garnished with refried black beans and stuffed with:<br \/><strong>Short Rib (120g)<\/strong><br \/><strong>Pollo (120g)<\/strong><br \/><strong>2 huevos o Queso Panela<\/strong><\/p>\r\n\r\n\r\n\r\n<h3 class=\"wp-block-heading\">FRENCH OMELETTE<\/h3>\r\n\r\n\r\n\r\n<p>Traditional French preparation, with a side of salted cambray potatoes and house salad.<\/p>\r\n\r\n\r\n\r\n<p><strong>Jam\u00f3n y Queso Manchego\u00a0<\/strong><\/p>\r\n\r\n\r\n\r\n\r\n\r\n<p><strong>Espinaca y Queso de Cabra\u00a0<\/strong><\/p>\r\n\r\n\r\n\r\n<p><strong>Chistorra y Queso Manchego\u00a0<\/strong><\/p>\r\n\r\n\r\n\r\n<p><strong>Vegetales de temporada<\/strong><\/p>\r\n\r\n\r\n\r\n<h3 class=\"wp-block-heading\">Others<\/h3>\r\n\r\n\r\n\r\n<p><strong>Quiche Lorraine:\u00a0\u00a0<br \/><\/strong>Traditional French preparation made with pork belly, Manchego cheese and Parmesan, with a side of house salad.<\/p>\r\n\r\n\r\n\r\n<p><strong>Pan franc\u00e9s \u201cPain Perdu\u201d :\u00a0\u00a0<br \/><\/strong>Traditional French preparation made with brioche bread, brown sugar, cinnamon and Dominican banana. Add melted chocolate and strawberries for $40<\/p>\r\n\r\n\r\n\r\n<h3 class=\"wp-block-heading has-large-font-size\"><strong>FORMULE BRUNCH CR\u00c9OLE<\/strong><\/h3>\r\n\r\n\r\n\r\n<h6 class=\"wp-block-heading has-medium-font-size\">(saturdays and sunday from 9am to 2pm30)\u00a0<br \/>Red fruits bowl + coffee or tea + chocolate cr\u00e9ole + chilaquiles amarillos cr\u00e9ole<\/h6>\r\n\r\n\r\n\r\n<p class=\"has-medium-font-size\">Aguegue Mimosa o Bellini\u00a0<\/p>\r\n\r\n\r\n<\/div>\r\n<\/div>\r\n<\/div>\r\n<div class=\"wp-block-uagb-container uagb-block-5854352b alignfull uagb-is-root-container\">\r\n<div class=\"uagb-container-inner-blocks-wrap\">\u00a0<\/div>\r\n<\/div>\r\n\r\n\r\n\r\n<div class=\"wp-block-uagb-container uagb-block-4fbe8549 alignfull uagb-is-root-container\">\r\n<div class=\"uagb-container-inner-blocks-wrap\">\u00a0<\/div>\r\n<\/div>\r\n\r\n<p>&nbsp;<\/p>\r\n<p><\/p>","protected":false},"excerpt":{"rendered":"<p>S\u00e1bados y Domingos de 9H00 a 13:30\u00a0 &nbsp; Croissant con Chilaquiles \u2026 Croissant relleno de chilaquiles verdes o rojos, con crema, queso cotija rallado y verdes silvestres, acompa\u00f1ados de una guarnici\u00f3n de ensalada de la casa. Agregue 1 huevo estrellado por $20; pollo deshebrado (60g) \u00f3 Short Rib (60g) por $45 &#8211; Especialidad de la [&hellip;]<\/p>\n","protected":false},"author":1,"featured_media":0,"parent":0,"menu_order":0,"comment_status":"closed","ping_status":"closed","template":"","meta":{"_uag_custom_page_level_css":"","site-sidebar-layout":"default","site-content-layout":"","ast-site-content-layout":"default","site-content-style":"default","site-sidebar-style":"default","ast-global-header-display":"","ast-banner-title-visibility":"","ast-main-header-display":"","ast-hfb-above-header-display":"","ast-hfb-below-header-display":"","ast-hfb-mobile-header-display":"","site-post-title":"disabled","ast-breadcrumbs-content":"","ast-featured-img":"","footer-sml-layout":"","ast-disable-related-posts":"","theme-transparent-header-meta":"default","adv-header-id-meta":"","stick-header-meta":"","header-above-stick-meta":"","header-main-stick-meta":"","header-below-stick-meta":"","astra-migrate-meta-layouts":"set","ast-page-background-enabled":"default","ast-page-background-meta":{"desktop":{"background-color":"var(--ast-global-color-4)","background-image":"","background-repeat":"repeat","background-position":"center center","background-size":"auto","background-attachment":"scroll","background-type":"","background-media":"","overlay-type":"","overlay-color":"","overlay-opacity":"","overlay-gradient":""},"tablet":{"background-color":"","background-image":"","background-repeat":"repeat","background-position":"center center","background-size":"auto","background-attachment":"scroll","background-type":"","background-media":"","overlay-type":"","overlay-color":"","overlay-opacity":"","overlay-gradient":""},"mobile":{"background-color":"","background-image":"","background-repeat":"repeat","background-position":"center center","background-size":"auto","background-attachment":"scroll","background-type":"","background-media":"","overlay-type":"","overlay-color":"","overlay-opacity":"","overlay-gradient":""}},"ast-content-background-meta":{"desktop":{"background-color":"var(--ast-global-color-5)","background-image":"","background-repeat":"repeat","background-position":"center center","background-size":"auto","background-attachment":"scroll","background-type":"","background-media":"","overlay-type":"","overlay-color":"","overlay-opacity":"","overlay-gradient":""},"tablet":{"background-color":"var(--ast-global-color-5)","background-image":"","background-repeat":"repeat","background-position":"center center","background-size":"auto","background-attachment":"scroll","background-type":"","background-media":"","overlay-type":"","overlay-color":"","overlay-opacity":"","overlay-gradient":""},"mobile":{"background-color":"var(--ast-global-color-5)","background-image":"","background-repeat":"repeat","background-position":"center center","background-size":"auto","background-attachment":"scroll","background-type":"","background-media":"","overlay-type":"","overlay-color":"","overlay-opacity":"","overlay-gradient":""}},"footnotes":""},"class_list":["post-406","page","type-page","status-publish","hentry"],"uagb_featured_image_src":{"full":false,"thumbnail":false,"medium":false,"medium_large":false,"large":false,"1536x1536":false,"2048x2048":false,"trp-custom-language-flag":false},"uagb_author_info":{"display_name":"admin","author_link":"https:\/\/creole.com.mx\/en\/author\/admin\/"},"uagb_comment_info":0,"uagb_excerpt":"S\u00e1bados y Domingos de 9H00 a 13:30\u00a0 &nbsp; Croissant con Chilaquiles \u2026 Croissant relleno de chilaquiles verdes o rojos, con crema, queso cotija rallado y verdes silvestres, acompa\u00f1ados de una guarnici\u00f3n de ensalada de la casa. Agregue 1 huevo estrellado por $20; pollo deshebrado (60g) \u00f3 Short Rib (60g) por $45 &#8211; Especialidad de la&hellip;","_links":{"self":[{"href":"https:\/\/creole.com.mx\/en\/wp-json\/wp\/v2\/pages\/406","targetHints":{"allow":["GET"]}}],"collection":[{"href":"https:\/\/creole.com.mx\/en\/wp-json\/wp\/v2\/pages"}],"about":[{"href":"https:\/\/creole.com.mx\/en\/wp-json\/wp\/v2\/types\/page"}],"author":[{"embeddable":true,"href":"https:\/\/creole.com.mx\/en\/wp-json\/wp\/v2\/users\/1"}],"replies":[{"embeddable":true,"href":"https:\/\/creole.com.mx\/en\/wp-json\/wp\/v2\/comments?post=406"}],"version-history":[{"count":108,"href":"https:\/\/creole.com.mx\/en\/wp-json\/wp\/v2\/pages\/406\/revisions"}],"predecessor-version":[{"id":1134,"href":"https:\/\/creole.com.mx\/en\/wp-json\/wp\/v2\/pages\/406\/revisions\/1134"}],"wp:attachment":[{"href":"https:\/\/creole.com.mx\/en\/wp-json\/wp\/v2\/media?parent=406"}],"curies":[{"name":"wp","href":"https:\/\/api.w.org\/{rel}","templated":true}]}}