{"id":606,"date":"2024-04-06T23:26:27","date_gmt":"2024-04-06T23:26:27","guid":{"rendered":"https:\/\/creole.com.mx\/?page_id=606"},"modified":"2025-03-14T14:57:04","modified_gmt":"2025-03-14T14:57:04","slug":"pizzas","status":"publish","type":"page","link":"https:\/\/creole.com.mx\/en\/pizzas\/","title":{"rendered":"pizzas"},"content":{"rendered":"<div class=\"uagb-position__sticky wp-block-uagb-container uagb-block-d1c40965 alignfull uagb-is-root-container\">\u00a0<\/div>\r\n\r\n\r\n\r\n<div class=\"wp-block-uagb-container uagb-block-a45cb206 alignfull uagb-is-root-container\">\r\n<div class=\"uagb-container-inner-blocks-wrap\">\r\n<h1 class=\"wp-block-heading has-text-align-center titulo has-ast-global-color-0-color has-text-color has-link-color has-x-large-font-size wp-elements-8d4db52689515b9ab9f994d22bee6e67\" style=\"margin: 0px 0 0px 0;\"><strong><mark class=\"has-inline-color has-ast-global-color-0-color\" style=\"background-color: rgba(0, 0, 0, 0);\">NUESTRAS PIZZAS NAPOLITANAS<\/mark><\/strong><\/h1>\r\n\r\n\r\n\r\n<p class=\"has-text-align-center has-small-font-size\"><em>Ingredientes importados de Italia y Francia, vegetales provenientes de nuestro huerto en chinampa<\/em><\/p>\r\n<\/div>\r\n<\/div>\r\n\r\n\r\n\r\n<div class=\"wp-block-uagb-container uagb-block-9b258450 alignwide uagb-is-root-container\">\r\n<div class=\"wp-block-uagb-container uagb-block-698e16c6 alignfull uagb-is-root-container\">\r\n<div class=\"uagb-container-inner-blocks-wrap\">\r\n<div class=\"wp-block-uagb-advanced-heading uagb-block-635be3b5\">\r\n<h2 class=\"uagb-heading-text\"><strong>CLASSIC NEAPOLITAN PIZZAS<\/strong><\/h2>\r\n<\/div>\r\n\r\n\r\n\r\n<p>&nbsp;<\/p>\r\n\r\n\r\n\r\n<p class=\"has-medium-font-size\"><strong>MARGARITA<\/strong><br \/>Pomodoro, mozzarella, albahaca fresca, aceite de oliva extra virgen y tomate cherry.<\/p>\r\n\r\n\r\n\r\n<p class=\"has-medium-font-size\"><strong>CARNES\u00a0<\/strong><br \/>Pomodoro, mozzarella, salchica italiana &#8220;fait maison&#8221; y chorizo espa\u00f1ol.<\/p>\r\n\r\n\r\n\r\n<p class=\"has-medium-font-size\"><strong>4 QUESOS<\/strong><br \/>Pomodoro, pecorino, parmesano maduro, mozzarella y gorgonzola.<\/p>\r\n\r\n\r\n\r\n<p class=\"has-medium-font-size\"><strong>3 QUESOS<\/strong><br \/>Pomodoro, mozzarella, gorgonzola y queso de cabra.<\/p>\r\n\r\n\r\n\r\n<p class=\"has-medium-font-size\"><strong>FUNGHI<\/strong><br \/>Pomodoro, mozzarella y champi\u00f1ones.<\/p>\r\n\r\n\r\n\r\n<p class=\"has-medium-font-size\"><strong>COTTO FUNGHI<\/strong><br \/>Pomodoro, mozzarella, jam\u00f3n de pierna y champi\u00f1ones.<\/p>\r\n\r\n\r\n\r\n<p class=\"has-medium-font-size\"><strong>ED\u00c9N<\/strong><br \/><span style=\"font-weight: 400;\">Pomodoro, mozza<\/span><span style=\"font-weight: 400;\">rella, prosciutto, a<\/span><span style=\"font-weight: 400;\">r\u00fagula y parmesano maduro.<\/span><\/p>\r\n\r\n\r\n\r\n<div class=\"wp-block-uagb-advanced-heading uagb-block-57bed49b\">\r\n<h2>\u00a0<\/h2>\r\n<h2>NAPOLITANAS DISRUPTIVAS<\/h2>\r\n<\/div>\r\n\r\n\r\n\r\n<p class=\"has-medium-font-size\"><strong>DUQUESA<\/strong><br \/><span style=\"font-weight: 400;\">Crema Cr\u00e9ole, que<\/span><span style=\"font-weight: 400;\">brie cheese,<\/span><span style=\"font-weight: 400;\"> tomates deshidratado e hilo de miel.<\/span><\/p>\r\n\r\n\r\n\r\n<p class=\"has-medium-font-size\"><strong>FRUTTETO<\/strong><br \/>Crema Cr\u00e9ole, pera, mozzarella, gorgonzola, nuez y aceite de oliva extra virgen.<\/p>\r\n\r\n\r\n\r\n<p class=\"has-medium-font-size\"><strong>VEGGIE<\/strong><br \/>Pomodoro, berenjena, calabacita, cebolla morada, aceitunas negras y albahaca fresca.<\/p>\r\n\r\n\r\n\r\n<p class=\"has-medium-font-size\"><strong>NORUEGA<\/strong><br \/>Crema Cr\u00e9ole, salm\u00f3n ahumado, queso de cabra, alcaparras y ar\u00fagula fresca.<\/p>\r\n\r\n\r\n\r\n<p class=\"has-medium-font-size\"><strong>CR\u00c9OLE<\/strong><br \/>Pomodoro, mozzarella, habanero-cured sausage and prosciutto<\/p>\r\n\r\n\r\n\r\n<p class=\"has-medium-font-size\"><strong>CHERRY<\/strong><br \/>Pomodoro, mozzarella, salchicha ahumada e italiana &#8220;fait maison&#8221; con pimientos y cebolla morada, salteados en habanero y aceite de hoja santa.<\/p>\r\n\r\n\r\n\r\n<p class=\"has-medium-font-size\"><strong>PROVOLETA<\/strong><br \/>Crema Cr\u00e9ole, provolone, prosciutto y albahaca fresca.<\/p>\r\n\r\n\r\n\r\n<p class=\"p1\"><em>Acompa\u00f1e su Pizza con nuestros aderezos: <\/em><\/p>\r\n<p class=\"p1\"><em><b>Ace<\/b><b>ite de olivo con habanero y ajo &#8211; aceite de olivo con hierbas finas y miel<\/b><\/em><\/p>\r\n<p class=\"p1\"><em><b>salsa macha<\/b><\/em><\/p>\r\n<p class=\"p2\"><em>*La Crema Cr\u00e9ole contiene nuez moscada.<\/em><\/p>\r\n<p class=\"p3\"><em>presentaci\u00f3n de 30cm con 6 rebanadas<\/em><\/p>\r\n<em><\/em><\/div>\r\n<\/div>\r\n<em>\r\n\r\n<\/em>\r\n<div class=\"wp-block-uagb-container uagb-block-dcbf526f\">\u00a0<\/div>\r\n<\/div>\r\n\r\n\r\n\r\n<div class=\"wp-block-uagb-container uagb-block-b875549f alignfull uagb-is-root-container\">\r\n<div class=\"uagb-container-inner-blocks-wrap\">\u00a0<\/div>\r\n<\/div>","protected":false},"excerpt":{"rendered":"<p>\u00a0 NUESTRAS PIZZAS NAPOLITANAS Ingredientes importados de Italia y Francia, vegetales provenientes de nuestro huerto en chinampa LAS CL\u00c1SICAS PIZZAS NAPOLITANAS &nbsp; MARGARITAPomodoro, mozzarella, albahaca fresca, aceite de oliva extra virgen y tomate cherry. CARNES\u00a0Pomodoro, mozzarella, salchica italiana &#8220;fait maison&#8221; y chorizo espa\u00f1ol. 4 QUESOSPomodoro, pecorino, parmesano maduro, mozzarella y gorgonzola. 3 QUESOSPomodoro, mozzarella, gorgonzola [&hellip;]<\/p>\n","protected":false},"author":1,"featured_media":286,"parent":0,"menu_order":0,"comment_status":"closed","ping_status":"closed","template":"","meta":{"_uag_custom_page_level_css":"","site-sidebar-layout":"default","site-content-layout":"","ast-site-content-layout":"default","site-content-style":"default","site-sidebar-style":"default","ast-global-header-display":"","ast-banner-title-visibility":"","ast-main-header-display":"","ast-hfb-above-header-display":"","ast-hfb-below-header-display":"","ast-hfb-mobile-header-display":"","site-post-title":"disabled","ast-breadcrumbs-content":"","ast-featured-img":"","footer-sml-layout":"","ast-disable-related-posts":"","theme-transparent-header-meta":"default","adv-header-id-meta":"","stick-header-meta":"","header-above-stick-meta":"","header-main-stick-meta":"","header-below-stick-meta":"","astra-migrate-meta-layouts":"set","ast-page-background-enabled":"default","ast-page-background-meta":{"desktop":{"background-color":"var(--ast-global-color-4)","background-image":"","background-repeat":"repeat","background-position":"center center","background-size":"auto","background-attachment":"scroll","background-type":"","background-media":"","overlay-type":"","overlay-color":"","overlay-opacity":"","overlay-gradient":""},"tablet":{"background-color":"","background-image":"","background-repeat":"repeat","background-position":"center center","background-size":"auto","background-attachment":"scroll","background-type":"","background-media":"","overlay-type":"","overlay-color":"","overlay-opacity":"","overlay-gradient":""},"mobile":{"background-color":"","background-image":"","background-repeat":"repeat","background-position":"center center","background-size":"auto","background-attachment":"scroll","background-type":"","background-media":"","overlay-type":"","overlay-color":"","overlay-opacity":"","overlay-gradient":""}},"ast-content-background-meta":{"desktop":{"background-color":"var(--ast-global-color-5)","background-image":"","background-repeat":"repeat","background-position":"center center","background-size":"auto","background-attachment":"scroll","background-type":"","background-media":"","overlay-type":"","overlay-color":"","overlay-opacity":"","overlay-gradient":""},"tablet":{"background-color":"var(--ast-global-color-5)","background-image":"","background-repeat":"repeat","background-position":"center center","background-size":"auto","background-attachment":"scroll","background-type":"","background-media":"","overlay-type":"","overlay-color":"","overlay-opacity":"","overlay-gradient":""},"mobile":{"background-color":"var(--ast-global-color-5)","background-image":"","background-repeat":"repeat","background-position":"center center","background-size":"auto","background-attachment":"scroll","background-type":"","background-media":"","overlay-type":"","overlay-color":"","overlay-opacity":"","overlay-gradient":""}},"footnotes":""},"class_list":["post-606","page","type-page","status-publish","has-post-thumbnail","hentry"],"uagb_featured_image_src":{"full":["https:\/\/creole.com.mx\/wp-content\/uploads\/2024\/02\/DVF_1296.jpg",1152,1439,false],"thumbnail":["https:\/\/creole.com.mx\/wp-content\/uploads\/2024\/02\/DVF_1296-150x150.jpg",150,150,true],"medium":["https:\/\/creole.com.mx\/wp-content\/uploads\/2024\/02\/DVF_1296-240x300.jpg",240,300,true],"medium_large":["https:\/\/creole.com.mx\/wp-content\/uploads\/2024\/02\/DVF_1296-768x959.jpg",768,959,true],"large":["https:\/\/creole.com.mx\/wp-content\/uploads\/2024\/02\/DVF_1296-820x1024.jpg",820,1024,true],"1536x1536":["https:\/\/creole.com.mx\/wp-content\/uploads\/2024\/02\/DVF_1296.jpg",1152,1439,false],"2048x2048":["https:\/\/creole.com.mx\/wp-content\/uploads\/2024\/02\/DVF_1296.jpg",1152,1439,false],"trp-custom-language-flag":["https:\/\/creole.com.mx\/wp-content\/uploads\/2024\/02\/DVF_1296.jpg",10,12,false]},"uagb_author_info":{"display_name":"admin","author_link":"https:\/\/creole.com.mx\/en\/author\/admin\/"},"uagb_comment_info":0,"uagb_excerpt":"\u00a0 NUESTRAS PIZZAS NAPOLITANAS Ingredientes importados de Italia y Francia, vegetales provenientes de nuestro huerto en chinampa LAS CL\u00c1SICAS PIZZAS NAPOLITANAS &nbsp; MARGARITAPomodoro, mozzarella, albahaca fresca, aceite de oliva extra virgen y tomate cherry. CARNES\u00a0Pomodoro, mozzarella, salchica italiana &#8220;fait maison&#8221; y chorizo espa\u00f1ol. 4 QUESOSPomodoro, pecorino, parmesano maduro, mozzarella y gorgonzola. 3 QUESOSPomodoro, mozzarella, gorgonzola&hellip;","_links":{"self":[{"href":"https:\/\/creole.com.mx\/en\/wp-json\/wp\/v2\/pages\/606","targetHints":{"allow":["GET"]}}],"collection":[{"href":"https:\/\/creole.com.mx\/en\/wp-json\/wp\/v2\/pages"}],"about":[{"href":"https:\/\/creole.com.mx\/en\/wp-json\/wp\/v2\/types\/page"}],"author":[{"embeddable":true,"href":"https:\/\/creole.com.mx\/en\/wp-json\/wp\/v2\/users\/1"}],"replies":[{"embeddable":true,"href":"https:\/\/creole.com.mx\/en\/wp-json\/wp\/v2\/comments?post=606"}],"version-history":[{"count":25,"href":"https:\/\/creole.com.mx\/en\/wp-json\/wp\/v2\/pages\/606\/revisions"}],"predecessor-version":[{"id":1127,"href":"https:\/\/creole.com.mx\/en\/wp-json\/wp\/v2\/pages\/606\/revisions\/1127"}],"wp:featuredmedia":[{"embeddable":true,"href":"https:\/\/creole.com.mx\/en\/wp-json\/wp\/v2\/media\/286"}],"wp:attachment":[{"href":"https:\/\/creole.com.mx\/en\/wp-json\/wp\/v2\/media?parent=606"}],"curies":[{"name":"wp","href":"https:\/\/api.w.org\/{rel}","templated":true}]}}