{"id":640,"date":"2024-04-07T00:13:22","date_gmt":"2024-04-07T00:13:22","guid":{"rendered":"https:\/\/creole.com.mx\/?page_id=640"},"modified":"2024-04-07T00:33:06","modified_gmt":"2024-04-07T00:33:06","slug":"vinosbiodinamicos","status":"publish","type":"page","link":"https:\/\/creole.com.mx\/en\/vinosbiodinamicos\/","title":{"rendered":"vinos biodin\u00e1micos"},"content":{"rendered":"<div data-aos= \"fade\" data-aos-duration=\"400\" data-aos-delay=\"0\" data-aos-easing=\"ease\" data-aos-once=\"true\" class=\"wp-block-uagb-container uagb-block-d1c40965 alignfull uagb-is-root-container\"><\/div>\n\n\n\n<div class=\"wp-block-uagb-container uagb-block-a45cb206 alignfull uagb-is-root-container\"><div class=\"uagb-container-inner-blocks-wrap\">\n<h1 class=\"wp-block-heading has-text-align-center titulo has-ast-global-color-0-color has-text-color has-link-color has-x-large-font-size wp-elements-c90e9650636d6e30d1f9c4a8b6e7dc62\" style=\"margin-top:0px;margin-right:0;margin-bottom:0px;margin-left:0\"><strong><mark style=\"background-color:rgba(0, 0, 0, 0)\" class=\"has-inline-color has-ast-global-color-0-color\">Biodynamic wines<\/mark><\/strong><\/h1>\n\n\n\n<p class=\"has-text-align-center has-small-font-size\">Our Biodynamic wines are exclusive to Cr\u00e9ole, directly from France. Prices in MN<br>Our wines have to consumed with food and moderation<\/p>\n<\/div><\/div>\n\n\n\n<div class=\"wp-block-uagb-container uagb-block-9b258450 alignwide uagb-is-root-container\">\n<div class=\"wp-block-uagb-container uagb-block-698e16c6 alignfull uagb-is-root-container\"><div class=\"uagb-container-inner-blocks-wrap\">\n<div class=\"wp-block-uagb-container uagb-block-f450868d\">\n<div class=\"wp-block-columns is-layout-flex wp-container-core-columns-is-layout-28f84493 wp-block-columns-is-layout-flex\">\n<div class=\"wp-block-column is-layout-flow wp-block-column-is-layout-flow\" style=\"flex-basis:100%\">\n<div class=\"wp-block-uagb-advanced-heading uagb-block-95df5ee4\"><h2 class=\"uagb-heading-text\">Blancs<\/h2><\/div>\n\n\n\n<figure class=\"wp-block-table is-style-regular\"><table class=\"has-fixed-layout\" style=\"border-style:none;border-width:0px\"><tbody><tr><td><strong>Chardonnay <\/strong>C\u00e8dre H\u00e9ritage<\/td><td>B $1125 G $225<\/td><\/tr><tr><td><strong>Bordeaux Ch\u00e2teau<\/strong> La Mothe Entre deux Mers<\/td><td>B $1064 G $212<\/td><\/tr><\/tbody><\/table><\/figure>\n\n\n\n<div class=\"wp-block-uagb-advanced-heading uagb-block-8a37b033\"><h2 class=\"uagb-heading-text\">Ros\u00e9<\/h2><\/div>\n\n\n\n<figure class=\"wp-block-table is-style-regular\"><table class=\"has-fixed-layout\" style=\"border-style:none;border-width:0px\"><tbody><tr><td><strong>Beaujolais <\/strong>La Ros\u00e9 D\u2019Folie Jean-Paul Brun<\/td><td>B $1305 G $261<\/td><\/tr><tr><td><strong>M\u00e9diterran\u00e9e<\/strong> Pontias<\/td><td>B $1305 G $261<\/td><\/tr><\/tbody><\/table><\/figure>\n\n\n\n<div class=\"wp-block-uagb-advanced-heading uagb-block-1652cdb2\"><h2 class=\"uagb-heading-text\">Orange<\/h2><\/div>\n\n\n\n<figure class=\"wp-block-table is-style-regular\"><table class=\"has-fixed-layout\" style=\"border-style:none;border-width:0px\"><tbody><tr><td><strong>Basic Instinct<\/strong> Villa Noria<\/td><td>B $1160 G $232<\/td><\/tr><tr><td><strong>Roussillon <\/strong>Sarrat del Mas Mas Janeil, Lurton<\/td><td>B $1625 G $325<\/td><\/tr><\/tbody><\/table><\/figure>\n\n\n\n<div class=\"wp-block-uagb-container uagb-block-0f9253ca\"><\/div>\n<\/div>\n<\/div>\n<\/div>\n<\/div><\/div>\n\n\n\n<div class=\"wp-block-uagb-container uagb-block-dcbf526f\"><\/div>\n<\/div>\n\n\n\n<div class=\"wp-block-uagb-container uagb-block-b875549f alignfull uagb-is-root-container\"><div class=\"uagb-container-inner-blocks-wrap\"><\/div><\/div>","protected":false},"excerpt":{"rendered":"<p>Biodynamic wines Our Biodynamic wines are exclusive to Cr\u00e9ole, directly from France. Prices in MNOur wines have to consumed with food and moderation Blancs Chardonnay C\u00e8dre H\u00e9ritage B $1125 G $225 Bordeaux Ch\u00e2teau La Mothe Entre deux Mers B $1064 G $212 Ros\u00e9 Beaujolais La Ros\u00e9 D\u2019Folie Jean-Paul Brun B $1305 G $261 M\u00e9diterran\u00e9e Pontias [&hellip;]<\/p>\n","protected":false},"author":1,"featured_media":286,"parent":0,"menu_order":0,"comment_status":"closed","ping_status":"closed","template":"","meta":{"_uag_custom_page_level_css":"","site-sidebar-layout":"default","site-content-layout":"","ast-site-content-layout":"default","site-content-style":"default","site-sidebar-style":"default","ast-global-header-display":"","ast-banner-title-visibility":"","ast-main-header-display":"","ast-hfb-above-header-display":"","ast-hfb-below-header-display":"","ast-hfb-mobile-header-display":"","site-post-title":"disabled","ast-breadcrumbs-content":"","ast-featured-img":"","footer-sml-layout":"","ast-disable-related-posts":"","theme-transparent-header-meta":"","adv-header-id-meta":"","stick-header-meta":"","header-above-stick-meta":"","header-main-stick-meta":"","header-below-stick-meta":"","astra-migrate-meta-layouts":"default","ast-page-background-enabled":"default","ast-page-background-meta":{"desktop":{"background-color":"var(--ast-global-color-4)","background-image":"","background-repeat":"repeat","background-position":"center center","background-size":"auto","background-attachment":"scroll","background-type":"","background-media":"","overlay-type":"","overlay-color":"","overlay-opacity":"","overlay-gradient":""},"tablet":{"background-color":"","background-image":"","background-repeat":"repeat","background-position":"center center","background-size":"auto","background-attachment":"scroll","background-type":"","background-media":"","overlay-type":"","overlay-color":"","overlay-opacity":"","overlay-gradient":""},"mobile":{"background-color":"","background-image":"","background-repeat":"repeat","background-position":"center center","background-size":"auto","background-attachment":"scroll","background-type":"","background-media":"","overlay-type":"","overlay-color":"","overlay-opacity":"","overlay-gradient":""}},"ast-content-background-meta":{"desktop":{"background-color":"var(--ast-global-color-5)","background-image":"","background-repeat":"repeat","background-position":"center center","background-size":"auto","background-attachment":"scroll","background-type":"","background-media":"","overlay-type":"","overlay-color":"","overlay-opacity":"","overlay-gradient":""},"tablet":{"background-color":"var(--ast-global-color-5)","background-image":"","background-repeat":"repeat","background-position":"center center","background-size":"auto","background-attachment":"scroll","background-type":"","background-media":"","overlay-type":"","overlay-color":"","overlay-opacity":"","overlay-gradient":""},"mobile":{"background-color":"var(--ast-global-color-5)","background-image":"","background-repeat":"repeat","background-position":"center center","background-size":"auto","background-attachment":"scroll","background-type":"","background-media":"","overlay-type":"","overlay-color":"","overlay-opacity":"","overlay-gradient":""}},"footnotes":""},"class_list":["post-640","page","type-page","status-publish","has-post-thumbnail","hentry"],"uagb_featured_image_src":{"full":["https:\/\/creole.com.mx\/wp-content\/uploads\/2024\/02\/DVF_1296.jpg",1152,1439,false],"thumbnail":["https:\/\/creole.com.mx\/wp-content\/uploads\/2024\/02\/DVF_1296-150x150.jpg",150,150,true],"medium":["https:\/\/creole.com.mx\/wp-content\/uploads\/2024\/02\/DVF_1296-240x300.jpg",240,300,true],"medium_large":["https:\/\/creole.com.mx\/wp-content\/uploads\/2024\/02\/DVF_1296-768x959.jpg",768,959,true],"large":["https:\/\/creole.com.mx\/wp-content\/uploads\/2024\/02\/DVF_1296-820x1024.jpg",820,1024,true],"1536x1536":["https:\/\/creole.com.mx\/wp-content\/uploads\/2024\/02\/DVF_1296.jpg",1152,1439,false],"2048x2048":["https:\/\/creole.com.mx\/wp-content\/uploads\/2024\/02\/DVF_1296.jpg",1152,1439,false],"trp-custom-language-flag":["https:\/\/creole.com.mx\/wp-content\/uploads\/2024\/02\/DVF_1296.jpg",10,12,false]},"uagb_author_info":{"display_name":"admin","author_link":"https:\/\/creole.com.mx\/en\/author\/admin\/"},"uagb_comment_info":0,"uagb_excerpt":"Biodynamic wines Our Biodynamic wines are exclusive to Cr\u00e9ole, directly from France. Prices in MNOur wines have to consumed with food and moderation Blancs Chardonnay C\u00e8dre H\u00e9ritage B $1125 G $225 Bordeaux Ch\u00e2teau La Mothe Entre deux Mers B $1064 G $212 Ros\u00e9 Beaujolais La Ros\u00e9 D\u2019Folie Jean-Paul Brun B $1305 G $261 M\u00e9diterran\u00e9e Pontias&hellip;","_links":{"self":[{"href":"https:\/\/creole.com.mx\/en\/wp-json\/wp\/v2\/pages\/640","targetHints":{"allow":["GET"]}}],"collection":[{"href":"https:\/\/creole.com.mx\/en\/wp-json\/wp\/v2\/pages"}],"about":[{"href":"https:\/\/creole.com.mx\/en\/wp-json\/wp\/v2\/types\/page"}],"author":[{"embeddable":true,"href":"https:\/\/creole.com.mx\/en\/wp-json\/wp\/v2\/users\/1"}],"replies":[{"embeddable":true,"href":"https:\/\/creole.com.mx\/en\/wp-json\/wp\/v2\/comments?post=640"}],"version-history":[{"count":14,"href":"https:\/\/creole.com.mx\/en\/wp-json\/wp\/v2\/pages\/640\/revisions"}],"predecessor-version":[{"id":664,"href":"https:\/\/creole.com.mx\/en\/wp-json\/wp\/v2\/pages\/640\/revisions\/664"}],"wp:featuredmedia":[{"embeddable":true,"href":"https:\/\/creole.com.mx\/en\/wp-json\/wp\/v2\/media\/286"}],"wp:attachment":[{"href":"https:\/\/creole.com.mx\/en\/wp-json\/wp\/v2\/media?parent=640"}],"curies":[{"name":"wp","href":"https:\/\/api.w.org\/{rel}","templated":true}]}}